{"id":1211,"date":"2025-09-24T13:01:08","date_gmt":"2025-09-24T11:01:08","guid":{"rendered":"https:\/\/mustihk.signon.no\/?post_type=product&#038;p=1211"},"modified":"2026-02-05T09:35:29","modified_gmt":"2026-02-05T08:35:29","slug":"unisex-active-cardigan","status":"publish","type":"product","link":"https:\/\/mustihk.signon.no\/index.php\/product\/unisex-active-cardigan\/","title":{"rendered":"Unisex active cardigan"},"content":{"rendered":"<p>Cardigan med ton-i-ton glidel\u00e5s. To sidelommer og lomme med glidel\u00e5s p\u00e5 ermet. Herringbone nakkeb\u00e5nd og ribb i nederkant og ermavslutning. Tilpasset for hodetelefoner. Spun dyed.<\/p>\n<p>100 % Polyester<\/p>\n","protected":false},"excerpt":{"rendered":"<p>Dame kan g\u00e5 ned en st\u00f8rrelse<\/p>\n","protected":false},"featured_media":158,"template":"","meta":[],"_links":{"self":[{"href":"https:\/\/mustihk.signon.no\/index.php\/wp-json\/wp\/v2\/product\/1211"}],"collection":[{"href":"https:\/\/mustihk.signon.no\/index.php\/wp-json\/wp\/v2\/product"}],"about":[{"href":"https:\/\/mustihk.signon.no\/index.php\/wp-json\/wp\/v2\/types\/product"}],"wp:featuredmedia":[{"embeddable":true,"href":"https:\/\/mustihk.signon.no\/index.php\/wp-json\/wp\/v2\/media\/158"}],"wp:attachment":[{"href":"https:\/\/mustihk.signon.no\/index.php\/wp-json\/wp\/v2\/media?parent=1211"}],"curies":[{"name":"wp","href":"https:\/\/api.w.org\/{rel}","templated":true}]}}